{"id":3566,"date":"2023-10-16T16:28:57","date_gmt":"2023-10-16T14:28:57","guid":{"rendered":"https:\/\/secretariageneral.umh.es\/?page_id=3566"},"modified":"2023-10-17T12:42:29","modified_gmt":"2023-10-17T10:42:29","slug":"certificado-de-docencia","status":"publish","type":"page","link":"https:\/\/secretariageneral.umh.es\/ca\/certificado-de-docencia\/","title":{"rendered":"CERTIFICAT DE DOC\u00c8NCIA"},"content":{"rendered":"<p>El certificat de doc\u00e8ncia de la Universitat Miguel Hern\u00e1ndez d&#8217;Elx est\u00e0 desglossat per:<\/p>\n<p>-Curs acad\u00e8mic<br \/>\n-Titulaci\u00f3<br \/>\n-Assignatura<br \/>\n-Curs de la Titulaci\u00f3<br \/>\n-Teoria\/Pr\u00e0ctica<br \/>\n-Nombre d&#8217;hores totals impartides<br \/>\n-Qualitat percebuda<br \/>\n-Total hores impartides per curs acad\u00e8mic<\/p>\n<p>El certificat de doc\u00e8ncia es pot sol\u00b7licitar durant el curs acad\u00e8mic tenint en compte que en el mateix apareix reflectida tota la informaci\u00f3 del curs vigent a partir de l&#8217;1 de juny.<\/p>\n<p>Els membres de la comunitat universit\u00e0ria poden sol\u00b7licitar el certificat de la doc\u00e8ncia impartida en la Universitat Miguel Hern\u00e1ndez d&#8217;Elx a trav\u00e9s de correu electr\u00f2nic a la seg\u00fcent adre\u00e7a secretaria.general@umh.es.<\/p>\n<p>En la sol\u00b7licitud ha de constar el nom i els cognoms de la persona sol\u00b7licitant i adjuntar el justificant de pagament corresponent a l&#8217;abonament de les taxes d&#8217;expedici\u00f3, que es pot descarregar en la seg\u00fcent p\u00e0gina web https:\/\/universite.umh.es\/recibos\/ i seleccionant en el desplegable tipus de rebut \u201cTaxes per Servei de Gesti\u00f3 General\u201d i en subtipus \u201cCertificat de Doc\u00e8ncia UMH\u201d.<\/p>\n<p>Una vegada signat electr\u00f2nicament per la Secret\u00e0ria General, el certificat de doc\u00e8ncia es remetr\u00e0 a trav\u00e9s de correu electr\u00f2nic des de la Secretaria General.<\/p>","protected":false},"excerpt":{"rendered":"<p>El certificat de doc\u00e8ncia de la Universitat Miguel Hern\u00e1ndez d&#8217;Elx est\u00e0 desglossat per:<br \/>\n-Curs acad\u00e8mic<br \/>\n-Titulaci\u00f3<br \/>\n-Assignatura<br \/>\n-Curs de la Titulaci\u00f3<br \/>\n-Teoria\/Pr\u00e0ctica<br \/>\n-Nombre d&#8217;hores totals impartides<br \/>\n-Qualitat percebuda<br \/>\n-Total hores impartides per curs acad\u00e8mic<br \/>\nEl certificat de doc\u00e8ncia es pot sol\u00b7licitar durant el curs acad\u00e8mic tenint en compte que en el mateix apareix reflectida tota la informaci\u00f3 del curs vigent a partir de l&#8217;1 [&#8230;]<\/p>\n","protected":false},"author":617,"featured_media":0,"parent":0,"menu_order":4,"comment_status":"closed","ping_status":"closed","template":"","meta":{"_links_to":"","_links_to_target":""},"_links":{"self":[{"href":"https:\/\/secretariageneral.umh.es\/ca\/wp-json\/wp\/v2\/pages\/3566"}],"collection":[{"href":"https:\/\/secretariageneral.umh.es\/ca\/wp-json\/wp\/v2\/pages"}],"about":[{"href":"https:\/\/secretariageneral.umh.es\/ca\/wp-json\/wp\/v2\/types\/page"}],"author":[{"embeddable":true,"href":"https:\/\/secretariageneral.umh.es\/ca\/wp-json\/wp\/v2\/users\/617"}],"replies":[{"embeddable":true,"href":"https:\/\/secretariageneral.umh.es\/ca\/wp-json\/wp\/v2\/comments?post=3566"}],"version-history":[{"count":0,"href":"https:\/\/secretariageneral.umh.es\/ca\/wp-json\/wp\/v2\/pages\/3566\/revisions"}],"wp:attachment":[{"href":"https:\/\/secretariageneral.umh.es\/ca\/wp-json\/wp\/v2\/media?parent=3566"}],"curies":[{"name":"wp","href":"https:\/\/api.w.org\/{rel}","templated":true}]}}