{"id":4045,"date":"2025-07-01T10:04:51","date_gmt":"2025-07-01T08:04:51","guid":{"rendered":"https:\/\/secretariageneral.umh.es\/?page_id=4045"},"modified":"2026-01-31T12:36:21","modified_gmt":"2026-01-31T11:36:21","slug":"institutos-universitarios-de-investigacion","status":"publish","type":"page","link":"https:\/\/secretariageneral.umh.es\/en\/normativas\/normativa-umh\/institutos-universitarios-de-investigacion\/","title":{"rendered":"<span lang=\"es\">(Espa\u00f1ol) Institutos Universitarios de Investigaci\u00f3n y Centros de Investigaci\u00f3n<\/span>"},"content":{"rendered":"<p class=\"qtranxs-available-languages-message qtranxs-available-languages-message-en\">Sorry, this entry is only available in <a href=\"https:\/\/secretariageneral.umh.es\/es\/wp-json\/wp\/v2\/pages\/4045\" class=\"qtranxs-available-language-link qtranxs-available-language-link-es\" title=\"Espa\u00f1ol\">European Spanish<\/a>.<\/p>","protected":false},"excerpt":{"rendered":"<p>Sorry, this entry is only available in European Spanish.<\/p>\n","protected":false},"author":386,"featured_media":0,"parent":3454,"menu_order":3,"comment_status":"closed","ping_status":"closed","template":"","meta":{"_links_to":"","_links_to_target":""},"_links":{"self":[{"href":"https:\/\/secretariageneral.umh.es\/en\/wp-json\/wp\/v2\/pages\/4045"}],"collection":[{"href":"https:\/\/secretariageneral.umh.es\/en\/wp-json\/wp\/v2\/pages"}],"about":[{"href":"https:\/\/secretariageneral.umh.es\/en\/wp-json\/wp\/v2\/types\/page"}],"author":[{"embeddable":true,"href":"https:\/\/secretariageneral.umh.es\/en\/wp-json\/wp\/v2\/users\/386"}],"replies":[{"embeddable":true,"href":"https:\/\/secretariageneral.umh.es\/en\/wp-json\/wp\/v2\/comments?post=4045"}],"version-history":[{"count":0,"href":"https:\/\/secretariageneral.umh.es\/en\/wp-json\/wp\/v2\/pages\/4045\/revisions"}],"up":[{"embeddable":true,"href":"https:\/\/secretariageneral.umh.es\/en\/wp-json\/wp\/v2\/pages\/3454"}],"wp:attachment":[{"href":"https:\/\/secretariageneral.umh.es\/en\/wp-json\/wp\/v2\/media?parent=4045"}],"curies":[{"name":"wp","href":"https:\/\/api.w.org\/{rel}","templated":true}]}}