{"id":4079,"date":"2025-09-10T10:43:52","date_gmt":"2025-09-10T08:43:52","guid":{"rendered":"https:\/\/secretariageneral.umh.es\/?page_id=4079"},"modified":"2025-11-12T14:19:16","modified_gmt":"2025-11-12T13:19:16","slug":"organos-de-gobierno-y-de-representacion","status":"publish","type":"page","link":"https:\/\/secretariageneral.umh.es\/en\/normativas\/normativa-umh\/organos-de-gobierno-y-de-representacion\/","title":{"rendered":"<span lang=\"es\">(Espa\u00f1ol) \u00d3rganos de Gobierno y de Representaci\u00f3n<\/span>"},"content":{"rendered":"<p class=\"qtranxs-available-languages-message qtranxs-available-languages-message-en\">Sorry, this entry is only available in <a href=\"https:\/\/secretariageneral.umh.es\/es\/wp-json\/wp\/v2\/pages\/4079\" class=\"qtranxs-available-language-link qtranxs-available-language-link-es\" title=\"Espa\u00f1ol\">European Spanish<\/a>.<\/p>","protected":false},"excerpt":{"rendered":"<p>Sorry, this entry is only available in European Spanish.<\/p>\n","protected":false},"author":386,"featured_media":0,"parent":3454,"menu_order":3,"comment_status":"closed","ping_status":"closed","template":"","meta":{"_links_to":"","_links_to_target":""},"_links":{"self":[{"href":"https:\/\/secretariageneral.umh.es\/en\/wp-json\/wp\/v2\/pages\/4079"}],"collection":[{"href":"https:\/\/secretariageneral.umh.es\/en\/wp-json\/wp\/v2\/pages"}],"about":[{"href":"https:\/\/secretariageneral.umh.es\/en\/wp-json\/wp\/v2\/types\/page"}],"author":[{"embeddable":true,"href":"https:\/\/secretariageneral.umh.es\/en\/wp-json\/wp\/v2\/users\/386"}],"replies":[{"embeddable":true,"href":"https:\/\/secretariageneral.umh.es\/en\/wp-json\/wp\/v2\/comments?post=4079"}],"version-history":[{"count":0,"href":"https:\/\/secretariageneral.umh.es\/en\/wp-json\/wp\/v2\/pages\/4079\/revisions"}],"up":[{"embeddable":true,"href":"https:\/\/secretariageneral.umh.es\/en\/wp-json\/wp\/v2\/pages\/3454"}],"wp:attachment":[{"href":"https:\/\/secretariageneral.umh.es\/en\/wp-json\/wp\/v2\/media?parent=4079"}],"curies":[{"name":"wp","href":"https:\/\/api.w.org\/{rel}","templated":true}]}}